{"id":188,"date":"2024-04-20T08:16:20","date_gmt":"2024-04-20T06:16:20","guid":{"rendered":"https:\/\/www.ginadirawifoundation.com\/?page_id=188"},"modified":"2024-04-20T12:25:51","modified_gmt":"2024-04-20T10:25:51","slug":"criteria","status":"publish","type":"page","link":"https:\/\/www.ginadirawifoundation.com\/?page_id=188","title":{"rendered":"Criteria"},"content":{"rendered":"\t\t<div data-elementor-type=\"wp-page\" data-elementor-id=\"188\" class=\"elementor elementor-188\">\n\t\t\t\t<div class=\"elementor-element elementor-element-33569e8 e-flex e-con-boxed wpr-particle-no wpr-jarallax-no wpr-parallax-no wpr-sticky-section-no e-con e-parent\" data-id=\"33569e8\" data-element_type=\"container\">\n\t\t\t\t\t<div class=\"e-con-inner\">\n\t\t\t\t<div class=\"elementor-element elementor-element-9092d86 elementor-widget elementor-widget-heading\" data-id=\"9092d86\" data-element_type=\"widget\" data-widget_type=\"heading.default\">\n\t\t\t\t<div class=\"elementor-widget-container\">\n\t\t\t<style>\/*! elementor - v3.21.0 - 18-04-2024 *\/\n.elementor-heading-title{padding:0;margin:0;line-height:1}.elementor-widget-heading .elementor-heading-title[class*=elementor-size-]>a{color:inherit;font-size:inherit;line-height:inherit}.elementor-widget-heading .elementor-heading-title.elementor-size-small{font-size:15px}.elementor-widget-heading .elementor-heading-title.elementor-size-medium{font-size:19px}.elementor-widget-heading .elementor-heading-title.elementor-size-large{font-size:29px}.elementor-widget-heading .elementor-heading-title.elementor-size-xl{font-size:39px}.elementor-widget-heading .elementor-heading-title.elementor-size-xxl{font-size:59px}<\/style><h2 class=\"elementor-heading-title elementor-size-default\">Kriterierna<\/h2>\t\t<\/div>\n\t\t\t\t<\/div>\n\t\t\t\t<div class=\"elementor-element elementor-element-69639a6 elementor-widget elementor-widget-text-editor\" data-id=\"69639a6\" data-element_type=\"widget\" data-widget_type=\"text-editor.default\">\n\t\t\t\t<div class=\"elementor-widget-container\">\n\t\t\t<style>\/*! elementor - v3.21.0 - 18-04-2024 *\/\n.elementor-widget-text-editor.elementor-drop-cap-view-stacked .elementor-drop-cap{background-color:#69727d;color:#fff}.elementor-widget-text-editor.elementor-drop-cap-view-framed .elementor-drop-cap{color:#69727d;border:3px solid;background-color:transparent}.elementor-widget-text-editor:not(.elementor-drop-cap-view-default) .elementor-drop-cap{margin-top:8px}.elementor-widget-text-editor:not(.elementor-drop-cap-view-default) .elementor-drop-cap-letter{width:1em;height:1em}.elementor-widget-text-editor .elementor-drop-cap{float:left;text-align:center;line-height:1;font-size:50px}.elementor-widget-text-editor .elementor-drop-cap-letter{display:inline-block}<\/style>\t\t\t\t<p>\u201dJag har sen i b\u00f6rjan av min karri\u00e4r alltid sett att jag ska starta en egen stiftelse f\u00f6r att ge tillbaka och pusha andra, s\u00e5 jag \u00e4r otroligt glad att detta \u00e4ntligen blir av nu. Jag r\u00f6r mig ju i v\u00e4ldigt olika branscher och har m\u00e4rkt av ett stort glapp p\u00e5 vilka historier som f\u00e5r ber\u00e4ttas och vilka r\u00f6ster som f\u00e5r h\u00f6ras. Det \u00e4r ett v\u00e4ldigt stort fokus p\u00e5 Stockholm eller storst\u00e4derna, vilket jag tycker \u00e4r synd d\u00e5 man missar v\u00e4ldigt mycket. Genom min foundation hoppas jag kunna pusha unga talanger i mindre st\u00e4der att v\u00e5ga tro p\u00e5 sin r\u00f6st och utveckla den. Jag kommer b\u00f6rja i min hemstad d\u00e4r jag vill lyfta och sammanf\u00f6ra unga talanger och de inom konstn\u00e4rliga sektorn, och kanske ocks\u00e5 f\u00e5 dem att t\u00e4nka annorlunda och nyskapande kring vad som \u00e4r en konstn\u00e4rlig r\u00f6st och hur man tar vara p\u00e5 den.<\/p><p>Jag hoppas ocks\u00e5 att det h\u00e4r kanske inspirerar andra m\u00e4nniskor i branschen att \u00e5terkoppla med sina hemst\u00e4der f\u00f6r att p\u00e5 n\u00e5got s\u00e4tt hj\u00e4lpa att fr\u00e4mja deras r\u00f6ster. De finns mycket bra d\u00e4r ute, man m\u00e5ste bara ge m\u00e4nniskor en push. Och vi beh\u00f6ver lyfta r\u00f6ster fr\u00e5n hela Sverige, s\u00e4ger Gina Dirawi\u201d<\/p><p>Stipendiet kommer till sin start att delas ut i Gina Dirawis hemstad Sundsvall; och de kommande \u00e5ren att ut\u00f6ka med n\u00e4rvaro till fler st\u00e4der och platser i v\u00e4rlden.<\/p><p>Stipendiet ges ut till gymnasieelever som p\u00e5 n\u00e5got s\u00e4tt uttrycker sig genom musik, film, sk\u00e5despeleri, skrivande, konst, komedi, mode, design, poesi eller n\u00e5got annat kreativt omr\u00e5de.<\/p><p>Kriterierna \u00e4r:<\/p><p>&#8211; Att du bor i Sundsvall<\/p><p>&#8211; Att du g\u00e5r p\u00e5 gymnasiet<\/p><p>&#8211; Att du uttrycker dig antingen genom musik, film, sk\u00e5despeleri, skrivande, konst, komedi, mode, design, poesi eller n\u00e5got annat kreativt omr\u00e5de.<\/p><p>M\u00f6jligheter som vinnare:<\/p><p>&#8211; Ekonomiskt st\u00f6d<\/p><p>&#8211; Ha Gina Dirawi som mentor<\/p><p>&#8211; Ta del av juryns n\u00e4tverk s\u00e5 att du kan ta din passion till n\u00e4sta niv\u00e5<\/p>\t\t\t\t\t\t<\/div>\n\t\t\t\t<\/div>\n\t\t\t\t\t<\/div>\n\t\t\t\t<\/div>\n\t\t\t\t<\/div>\n\t\t","protected":false},"excerpt":{"rendered":"<p>Kriterierna \u201dJag har sen i b\u00f6rjan av min karri\u00e4r alltid sett att jag ska starta en egen stiftelse f\u00f6r att [&hellip;]<\/p>\n","protected":false},"author":1,"featured_media":0,"parent":0,"menu_order":0,"comment_status":"closed","ping_status":"closed","template":"elementor_header_footer","meta":{"_monsterinsights_skip_tracking":false,"_monsterinsights_sitenote_active":false,"_monsterinsights_sitenote_note":"","_monsterinsights_sitenote_category":0,"site-sidebar-layout":"no-sidebar","site-content-layout":"","ast-site-content-layout":"full-width-container","site-content-style":"default","site-sidebar-style":"default","ast-global-header-display":"","ast-banner-title-visibility":"","ast-main-header-display":"","ast-hfb-above-header-display":"","ast-hfb-below-header-display":"","ast-hfb-mobile-header-display":"","site-post-title":"disabled","ast-breadcrumbs-content":"","ast-featured-img":"disabled","footer-sml-layout":"","theme-transparent-header-meta":"","adv-header-id-meta":"","stick-header-meta":"","header-above-stick-meta":"","header-main-stick-meta":"","header-below-stick-meta":"","astra-migrate-meta-layouts":"default","ast-page-background-enabled":"default","ast-page-background-meta":{"desktop":{"background-color":"var(--ast-global-color-4)","background-image":"","background-repeat":"repeat","background-position":"center center","background-size":"auto","background-attachment":"scroll","background-type":"","background-media":"","overlay-type":"","overlay-color":"","overlay-gradient":""},"tablet":{"background-color":"","background-image":"","background-repeat":"repeat","background-position":"center center","background-size":"auto","background-attachment":"scroll","background-type":"","background-media":"","overlay-type":"","overlay-color":"","overlay-gradient":""},"mobile":{"background-color":"","background-image":"","background-repeat":"repeat","background-position":"center center","background-size":"auto","background-attachment":"scroll","background-type":"","background-media":"","overlay-type":"","overlay-color":"","overlay-gradient":""}},"ast-content-background-meta":{"desktop":{"background-color":"var(--ast-global-color-5)","background-image":"","background-repeat":"repeat","background-position":"center center","background-size":"auto","background-attachment":"scroll","background-type":"","background-media":"","overlay-type":"","overlay-color":"","overlay-gradient":""},"tablet":{"background-color":"var(--ast-global-color-5)","background-image":"","background-repeat":"repeat","background-position":"center center","background-size":"auto","background-attachment":"scroll","background-type":"","background-media":"","overlay-type":"","overlay-color":"","overlay-gradient":""},"mobile":{"background-color":"var(--ast-global-color-5)","background-image":"","background-repeat":"repeat","background-position":"center center","background-size":"auto","background-attachment":"scroll","background-type":"","background-media":"","overlay-type":"","overlay-color":"","overlay-gradient":""}},"footnotes":""},"yoast_head":"<!-- This site is optimized with the Yoast SEO plugin v22.5 - https:\/\/yoast.com\/wordpress\/plugins\/seo\/ -->\n<title>Criteria - Gina Dirawi Foundation<\/title>\n<meta name=\"robots\" content=\"index, follow, max-snippet:-1, max-image-preview:large, max-video-preview:-1\" \/>\n<link rel=\"canonical\" href=\"https:\/\/www.ginadirawifoundation.com\/?page_id=188\" \/>\n<meta property=\"og:locale\" content=\"sv_SE\" \/>\n<meta property=\"og:type\" content=\"article\" \/>\n<meta property=\"og:title\" content=\"Criteria - Gina Dirawi Foundation\" \/>\n<meta property=\"og:description\" content=\"Kriterierna \u201dJag har sen i b\u00f6rjan av min karri\u00e4r alltid sett att jag ska starta en egen stiftelse f\u00f6r att [&hellip;]\" \/>\n<meta property=\"og:url\" content=\"https:\/\/www.ginadirawifoundation.com\/?page_id=188\" \/>\n<meta property=\"og:site_name\" content=\"Gina Dirawi Foundation\" \/>\n<meta property=\"article:modified_time\" content=\"2024-04-20T10:25:51+00:00\" \/>\n<meta name=\"twitter:card\" content=\"summary_large_image\" \/>\n<meta name=\"twitter:label1\" content=\"Ber\u00e4knad l\u00e4stid\" \/>\n\t<meta name=\"twitter:data1\" content=\"2 minuter\" \/>\n<script type=\"application\/ld+json\" class=\"yoast-schema-graph\">{\"@context\":\"https:\/\/schema.org\",\"@graph\":[{\"@type\":\"WebPage\",\"@id\":\"https:\/\/www.ginadirawifoundation.com\/?page_id=188\",\"url\":\"https:\/\/www.ginadirawifoundation.com\/?page_id=188\",\"name\":\"Criteria - Gina Dirawi Foundation\",\"isPartOf\":{\"@id\":\"https:\/\/www.ginadirawifoundation.com\/#website\"},\"datePublished\":\"2024-04-20T06:16:20+00:00\",\"dateModified\":\"2024-04-20T10:25:51+00:00\",\"breadcrumb\":{\"@id\":\"https:\/\/www.ginadirawifoundation.com\/?page_id=188#breadcrumb\"},\"inLanguage\":\"sv-SE\",\"potentialAction\":[{\"@type\":\"ReadAction\",\"target\":[\"https:\/\/www.ginadirawifoundation.com\/?page_id=188\"]}]},{\"@type\":\"BreadcrumbList\",\"@id\":\"https:\/\/www.ginadirawifoundation.com\/?page_id=188#breadcrumb\",\"itemListElement\":[{\"@type\":\"ListItem\",\"position\":1,\"name\":\"Home\",\"item\":\"https:\/\/www.ginadirawifoundation.com\/\"},{\"@type\":\"ListItem\",\"position\":2,\"name\":\"Criteria\"}]},{\"@type\":\"WebSite\",\"@id\":\"https:\/\/www.ginadirawifoundation.com\/#website\",\"url\":\"https:\/\/www.ginadirawifoundation.com\/\",\"name\":\"Gina Dirawi Foundation\",\"description\":\"\",\"potentialAction\":[{\"@type\":\"SearchAction\",\"target\":{\"@type\":\"EntryPoint\",\"urlTemplate\":\"https:\/\/www.ginadirawifoundation.com\/?s={search_term_string}\"},\"query-input\":\"required name=search_term_string\"}],\"inLanguage\":\"sv-SE\"}]}<\/script>\n<!-- \/ Yoast SEO plugin. -->","yoast_head_json":{"title":"Criteria - Gina Dirawi Foundation","robots":{"index":"index","follow":"follow","max-snippet":"max-snippet:-1","max-image-preview":"max-image-preview:large","max-video-preview":"max-video-preview:-1"},"canonical":"https:\/\/www.ginadirawifoundation.com\/?page_id=188","og_locale":"sv_SE","og_type":"article","og_title":"Criteria - Gina Dirawi Foundation","og_description":"Kriterierna \u201dJag har sen i b\u00f6rjan av min karri\u00e4r alltid sett att jag ska starta en egen stiftelse f\u00f6r att [&hellip;]","og_url":"https:\/\/www.ginadirawifoundation.com\/?page_id=188","og_site_name":"Gina Dirawi Foundation","article_modified_time":"2024-04-20T10:25:51+00:00","twitter_card":"summary_large_image","twitter_misc":{"Ber\u00e4knad l\u00e4stid":"2 minuter"},"schema":{"@context":"https:\/\/schema.org","@graph":[{"@type":"WebPage","@id":"https:\/\/www.ginadirawifoundation.com\/?page_id=188","url":"https:\/\/www.ginadirawifoundation.com\/?page_id=188","name":"Criteria - Gina Dirawi Foundation","isPartOf":{"@id":"https:\/\/www.ginadirawifoundation.com\/#website"},"datePublished":"2024-04-20T06:16:20+00:00","dateModified":"2024-04-20T10:25:51+00:00","breadcrumb":{"@id":"https:\/\/www.ginadirawifoundation.com\/?page_id=188#breadcrumb"},"inLanguage":"sv-SE","potentialAction":[{"@type":"ReadAction","target":["https:\/\/www.ginadirawifoundation.com\/?page_id=188"]}]},{"@type":"BreadcrumbList","@id":"https:\/\/www.ginadirawifoundation.com\/?page_id=188#breadcrumb","itemListElement":[{"@type":"ListItem","position":1,"name":"Home","item":"https:\/\/www.ginadirawifoundation.com\/"},{"@type":"ListItem","position":2,"name":"Criteria"}]},{"@type":"WebSite","@id":"https:\/\/www.ginadirawifoundation.com\/#website","url":"https:\/\/www.ginadirawifoundation.com\/","name":"Gina Dirawi Foundation","description":"","potentialAction":[{"@type":"SearchAction","target":{"@type":"EntryPoint","urlTemplate":"https:\/\/www.ginadirawifoundation.com\/?s={search_term_string}"},"query-input":"required name=search_term_string"}],"inLanguage":"sv-SE"}]}},"jetpack_sharing_enabled":true,"_links":{"self":[{"href":"https:\/\/www.ginadirawifoundation.com\/index.php?rest_route=\/wp\/v2\/pages\/188"}],"collection":[{"href":"https:\/\/www.ginadirawifoundation.com\/index.php?rest_route=\/wp\/v2\/pages"}],"about":[{"href":"https:\/\/www.ginadirawifoundation.com\/index.php?rest_route=\/wp\/v2\/types\/page"}],"author":[{"embeddable":true,"href":"https:\/\/www.ginadirawifoundation.com\/index.php?rest_route=\/wp\/v2\/users\/1"}],"replies":[{"embeddable":true,"href":"https:\/\/www.ginadirawifoundation.com\/index.php?rest_route=%2Fwp%2Fv2%2Fcomments&post=188"}],"version-history":[{"count":6,"href":"https:\/\/www.ginadirawifoundation.com\/index.php?rest_route=\/wp\/v2\/pages\/188\/revisions"}],"predecessor-version":[{"id":318,"href":"https:\/\/www.ginadirawifoundation.com\/index.php?rest_route=\/wp\/v2\/pages\/188\/revisions\/318"}],"wp:attachment":[{"href":"https:\/\/www.ginadirawifoundation.com\/index.php?rest_route=%2Fwp%2Fv2%2Fmedia&parent=188"}],"curies":[{"name":"wp","href":"https:\/\/api.w.org\/{rel}","templated":true}]}}